{"id":1075,"date":"2020-10-12T03:08:28","date_gmt":"2020-10-12T03:08:28","guid":{"rendered":"https:\/\/wp.ditsolution.net\/itsoft\/?page_id=1075"},"modified":"2024-03-13T13:03:03","modified_gmt":"2024-03-13T13:03:03","slug":"faq","status":"publish","type":"page","link":"https:\/\/xpc.pt\/index.php\/faq\/","title":{"rendered":"Quest\u00f5es Frequentes"},"content":{"rendered":"\t\t<div data-elementor-type=\"wp-page\" data-elementor-id=\"1075\" class=\"elementor elementor-1075\">\n\t\t\t\t\t\t<section class=\"elementor-section elementor-top-section elementor-element elementor-element-bd64406 secoundhand-faq elementor-section-boxed elementor-section-height-default elementor-section-height-default\" data-id=\"bd64406\" data-element_type=\"section\" data-e-type=\"section\">\n\t\t\t\t\t\t<div class=\"elementor-container elementor-column-gap-default\">\n\t\t\t\t\t<div class=\"elementor-column elementor-col-100 elementor-top-column elementor-element elementor-element-9530fc1\" data-id=\"9530fc1\" data-element_type=\"column\" data-e-type=\"column\">\n\t\t\t<div class=\"elementor-widget-wrap elementor-element-populated\">\n\t\t\t\t\t\t<div class=\"elementor-element elementor-element-77eb5ba elementor-widget elementor-widget-spacer\" data-id=\"77eb5ba\" data-element_type=\"widget\" data-e-type=\"widget\" data-widget_type=\"spacer.default\">\n\t\t\t\t<div class=\"elementor-widget-container\">\n\t\t\t\t\t\t\t<div class=\"elementor-spacer\">\n\t\t\t<div class=\"elementor-spacer-inner\"><\/div>\n\t\t<\/div>\n\t\t\t\t\t\t<\/div>\n\t\t\t\t<\/div>\n\t\t\t\t<section class=\"elementor-section elementor-inner-section elementor-element elementor-element-e945618 elementor-section-boxed elementor-section-height-default elementor-section-height-default\" data-id=\"e945618\" data-element_type=\"section\" data-e-type=\"section\">\n\t\t\t\t\t\t<div class=\"elementor-container elementor-column-gap-default\">\n\t\t\t\t\t<div class=\"elementor-column elementor-col-50 elementor-inner-column elementor-element elementor-element-5263d24\" data-id=\"5263d24\" data-element_type=\"column\" data-e-type=\"column\">\n\t\t\t<div class=\"elementor-widget-wrap elementor-element-populated\">\n\t\t\t\t\t\t<div class=\"elementor-element elementor-element-b6c17ae elementor-widget elementor-widget-accordion\" data-id=\"b6c17ae\" data-element_type=\"widget\" data-e-type=\"widget\" data-widget_type=\"accordion.default\">\n\t\t\t\t<div class=\"elementor-widget-container\">\n\t\t\t\t\t\r\n\t\t\r\n\t\t\t<ul class=\"my-accordion\">\r\n\r\n\t\t\t\t\t\t\t\t\t<li>\r\n\t\t\t\t\t\t<a href=\"#Cobram-pelo-Diagn\u00f3stico?\" >\r\n\t\t\t\t\t\t\tCobram pelo Diagn\u00f3stico?\t\t\t\t\t\t<\/a>\r\n\t\t\t\t\t\t<p>N\u00e3o, o diagn\u00f3stico \u00e9 gr\u00e1tis. N\u00e3o precisa de pagar para saber qual o problema e quanto custa resolv\u00ea-lo.<\/p>\r\n\t\t\t\t\t<\/li>\r\n\t\t\t\t\t\t\t\t\t<li>\r\n\t\t\t\t\t\t<a href=\"#Como-posso-marcar-uma-assist\u00eancia-ao-Domic\u00edlio?\" >\r\n\t\t\t\t\t\t\tComo posso marcar uma assist\u00eancia ao Domic\u00edlio?\t\t\t\t\t\t<\/a>\r\n\t\t\t\t\t\t<p>Pode contactar-nos diretamente na loja, pelo telefone ou solicitando contacto por email ou pelo formul\u00e1rio aqui no site. Responderemos no m\u00e1ximo em 24h.<\/p>\r\n\t\t\t\t\t<\/li>\r\n\t\t\t\t\t\t\t\t\t<li>\r\n\t\t\t\t\t\t<a href=\"#Como-posso-pagar?\" >\r\n\t\t\t\t\t\t\tComo posso pagar?\t\t\t\t\t\t<\/a>\r\n\t\t\t\t\t\t<p>Pode pagar em Dinheiro, Multibanco, VISA e MBWay em loja. Caso deseje pode pagar por transfer\u00eancia banc\u00e1ria, entregando o comprovativo aquando do levantamento do seu equipamento.<\/p>\r\n\t\t\t\t\t<\/li>\r\n\t\t\t\t\t\t\t\t\t<li>\r\n\t\t\t\t\t\t<a href=\"#Fiz-uma-repara\u00e7\u00e3o-e-voltei-a-ter-o-mesmo-problema\" >\r\n\t\t\t\t\t\t\tFiz uma repara\u00e7\u00e3o e voltei a ter o mesmo problema\t\t\t\t\t\t<\/a>\r\n\t\t\t\t\t\t<p>Basta dirigir-se novamente \u00e0s nossas instala\u00e7\u00f5es com o seu equipamento e solicitar a abertura de um processo de RMA. Verificaremos o problema e caso seja o mesmo e se ainda estiver em garantia, resolveremos o mais r\u00e1pido poss\u00edvel.<\/p>\r\n\t\t\t\t\t<\/li>\r\n\t\t\t\t\r\n\t\t\t<\/ul>\r\n\r\n\r\n\t\t\t<script>\r\n\t\t\t\tjQuery(document).ready(function($) {\r\n\t\t\t\t\t\"use strict\";\r\n\r\n\t\t\t\t\t$('.my-accordion > li:eq(0) a').addClass('active').next().slideDown();\r\n\r\n\t\t\t\t\t$('.my-accordion a').click(function() {\r\n\t\t\t\t\t\tvar dropDown = $(this).closest('li').find('p');\r\n\r\n\t\t\t\t\t\t$(this).closest('.my-accordion').find('p').not(dropDown).slideUp();\r\n\r\n\t\t\t\t\t\tif ($(this).hasClass('active')) {\r\n\t\t\t\t\t\t\t$(this).removeClass('active');\r\n\t\t\t\t\t\t} else {\r\n\t\t\t\t\t\t\t$(this).closest('.my-accordion').find('a.active').removeClass('active');\r\n\t\t\t\t\t\t\t$(this).addClass('active');\r\n\t\t\t\t\t\t}\r\n\r\n\t\t\t\t\t\tdropDown.stop(false, true).slideToggle();\r\n\r\n\t\t\t\t\t\tj.preventDefault();\r\n\t\t\t\t\t});\r\n\r\n\r\n\t\t\t\t});\r\n\t\t\t<\/script>\t\t\r\n\r\n\t\t\t\t\t\t<\/div>\n\t\t\t\t<\/div>\n\t\t\t\t\t<\/div>\n\t\t<\/div>\n\t\t\t\t<div class=\"elementor-column elementor-col-50 elementor-inner-column elementor-element elementor-element-98a83dc\" data-id=\"98a83dc\" data-element_type=\"column\" data-e-type=\"column\">\n\t\t\t<div class=\"elementor-widget-wrap elementor-element-populated\">\n\t\t\t\t\t\t<div class=\"elementor-element elementor-element-6231353 elementor-widget elementor-widget-accordion\" data-id=\"6231353\" data-element_type=\"widget\" data-e-type=\"widget\" data-widget_type=\"accordion.default\">\n\t\t\t\t<div class=\"elementor-widget-container\">\n\t\t\t\t\t\r\n\t\t\r\n\t\t\t<ul class=\"my-accordion\">\r\n\r\n\t\t\t\t\t\t\t\t\t<li>\r\n\t\t\t\t\t\t<a href=\"#Trabalham-com-empresas?\" >\r\n\t\t\t\t\t\t\tTrabalham com empresas?\t\t\t\t\t\t<\/a>\r\n\t\t\t\t\t\t<p>Sim, temos um departamento empresarial, dedicado a prestar servi\u00e7os de assist\u00eancia a empresas. <\/p>\r\n\t\t\t\t\t<\/li>\r\n\t\t\t\t\t\t\t\t\t<li>\r\n\t\t\t\t\t\t<a href=\"#Trabalham-com-que-marcas?\" >\r\n\t\t\t\t\t\t\tTrabalham com que marcas?\t\t\t\t\t\t<\/a>\r\n\t\t\t\t\t\t<p>Trabalhamos com todas as marcas, quer a n\u00edvel de repara\u00e7\u00e3o, quer de interven\u00e7\u00e3o em software. Somos parceiros de diversas software houses e Fabricantes de Harware.<\/p>\r\n\t\t\t\t\t<\/li>\r\n\t\t\t\t\t\t\t\t\t<li>\r\n\t\t\t\t\t\t<a href=\"#Fazem-Repara\u00e7\u00f5es-ELetr\u00f3nicas?\" >\r\n\t\t\t\t\t\t\tFazem Repara\u00e7\u00f5es ELetr\u00f3nicas?\t\t\t\t\t\t<\/a>\r\n\t\t\t\t\t\t<p>Temos Laborat\u00f3rio Eletr\u00f4nico pr\u00f3prio, reparamos motherboards, consolas, ecr\u00e3s, etc. <\/p>\r\n\t\t\t\t\t<\/li>\r\n\t\t\t\t\t\t\t\t\t<li>\r\n\t\t\t\t\t\t<a href=\"#Quanto-tempo-leva-uma-repara\u00e7\u00e3o?\" >\r\n\t\t\t\t\t\t\tQuanto tempo leva uma repara\u00e7\u00e3o?\t\t\t\t\t\t<\/a>\r\n\t\t\t\t\t\t<p>O tempo referido pelo t\u00e9cnico \u00e9 sempre previsional: pode correr bem e ser inferior, ou pode correr mal e ser necess\u00e1rio mais tempo. Tenha a certeza de que levaremos apenas o tempo necess\u00e1rio a intervencionar o seu equipamento.<\/p>\r\n\t\t\t\t\t<\/li>\r\n\t\t\t\t\r\n\t\t\t<\/ul>\r\n\r\n\r\n\t\t\t<script>\r\n\t\t\t\tjQuery(document).ready(function($) {\r\n\t\t\t\t\t\"use strict\";\r\n\r\n\t\t\t\t\t$('.my-accordion > li:eq(0) a').addClass('active').next().slideDown();\r\n\r\n\t\t\t\t\t$('.my-accordion a').click(function() {\r\n\t\t\t\t\t\tvar dropDown = $(this).closest('li').find('p');\r\n\r\n\t\t\t\t\t\t$(this).closest('.my-accordion').find('p').not(dropDown).slideUp();\r\n\r\n\t\t\t\t\t\tif ($(this).hasClass('active')) {\r\n\t\t\t\t\t\t\t$(this).removeClass('active');\r\n\t\t\t\t\t\t} else {\r\n\t\t\t\t\t\t\t$(this).closest('.my-accordion').find('a.active').removeClass('active');\r\n\t\t\t\t\t\t\t$(this).addClass('active');\r\n\t\t\t\t\t\t}\r\n\r\n\t\t\t\t\t\tdropDown.stop(false, true).slideToggle();\r\n\r\n\t\t\t\t\t\tj.preventDefault();\r\n\t\t\t\t\t});\r\n\r\n\r\n\t\t\t\t});\r\n\t\t\t<\/script>\t\t\r\n\r\n\t\t\t\t\t\t<\/div>\n\t\t\t\t<\/div>\n\t\t\t\t\t<\/div>\n\t\t<\/div>\n\t\t\t\t\t<\/div>\n\t\t<\/section>\n\t\t\t\t<div class=\"elementor-element elementor-element-6942b1e elementor-widget elementor-widget-spacer\" data-id=\"6942b1e\" data-element_type=\"widget\" data-e-type=\"widget\" data-widget_type=\"spacer.default\">\n\t\t\t\t<div class=\"elementor-widget-container\">\n\t\t\t\t\t\t\t<div class=\"elementor-spacer\">\n\t\t\t<div class=\"elementor-spacer-inner\"><\/div>\n\t\t<\/div>\n\t\t\t\t\t\t<\/div>\n\t\t\t\t<\/div>\n\t\t\t\t\t<\/div>\n\t\t<\/div>\n\t\t\t\t\t<\/div>\n\t\t<\/section>\n\t\t\t\t<\/div>\n\t\t","protected":false},"excerpt":{"rendered":"<p>Cobram pelo Diagn\u00f3stico? N\u00e3o, o diagn\u00f3stico \u00e9 gr\u00e1tis. N\u00e3o precisa de pagar para saber qual o problema e quanto custa resolv\u00ea-lo. Como posso marcar uma assist\u00eancia ao Domic\u00edlio? Pode contactar-nos diretamente na loja, pelo telefone ou solicitando contacto por email ou pelo formul\u00e1rio aqui no site. Responderemos no m\u00e1ximo em 24h. Como posso pagar? Pode [&hellip;]<\/p>\n","protected":false},"author":1,"featured_media":0,"parent":0,"menu_order":0,"comment_status":"closed","ping_status":"closed","template":"page-templates\/template-default.php","meta":{"footnotes":""},"class_list":["post-1075","page","type-page","status-publish","hentry"],"_links":{"self":[{"href":"https:\/\/xpc.pt\/index.php\/wp-json\/wp\/v2\/pages\/1075","targetHints":{"allow":["GET"]}}],"collection":[{"href":"https:\/\/xpc.pt\/index.php\/wp-json\/wp\/v2\/pages"}],"about":[{"href":"https:\/\/xpc.pt\/index.php\/wp-json\/wp\/v2\/types\/page"}],"author":[{"embeddable":true,"href":"https:\/\/xpc.pt\/index.php\/wp-json\/wp\/v2\/users\/1"}],"replies":[{"embeddable":true,"href":"https:\/\/xpc.pt\/index.php\/wp-json\/wp\/v2\/comments?post=1075"}],"version-history":[{"count":19,"href":"https:\/\/xpc.pt\/index.php\/wp-json\/wp\/v2\/pages\/1075\/revisions"}],"predecessor-version":[{"id":16531,"href":"https:\/\/xpc.pt\/index.php\/wp-json\/wp\/v2\/pages\/1075\/revisions\/16531"}],"wp:attachment":[{"href":"https:\/\/xpc.pt\/index.php\/wp-json\/wp\/v2\/media?parent=1075"}],"curies":[{"name":"wp","href":"https:\/\/api.w.org\/{rel}","templated":true}]}}